{"id":145,"date":"2023-04-01T10:56:21","date_gmt":"2023-04-01T08:56:21","guid":{"rendered":"https:\/\/www.fiebrandt.de\/alexander\/?page_id=145"},"modified":"2023-04-05T23:30:07","modified_gmt":"2023-04-05T21:30:07","slug":"unter-den-wolken-die-liebe-zur-luftfahrt","status":"publish","type":"page","link":"https:\/\/www.fiebrandt.de\/alexander\/unter-den-wolken-die-liebe-zur-luftfahrt\/","title":{"rendered":"Luftfahrt"},"content":{"rendered":"\n<figure class=\"wp-block-image alignfull\"><img loading=\"lazy\" decoding=\"async\" width=\"1000\" height=\"563\" src=\"https:\/\/www.fiebrandt.de\/alexander\/wp-content\/uploads\/msfs-02.jpg\" alt=\"\" class=\"wp-image-424\" srcset=\"https:\/\/www.fiebrandt.de\/alexander\/wp-content\/uploads\/msfs-02.jpg 1000w, https:\/\/www.fiebrandt.de\/alexander\/wp-content\/uploads\/msfs-02-300x169.jpg 300w, https:\/\/www.fiebrandt.de\/alexander\/wp-content\/uploads\/msfs-02-768x432.jpg 768w\" sizes=\"auto, (max-width: 1000px) 100vw, 1000px\" \/><\/figure>\n\n\n\n<div style=\"height:100px\" aria-hidden=\"true\" class=\"wp-block-spacer\"><\/div>\n\n\n\n<p><strong>Bereits als kleiner Junge<\/strong> durfte ich im Motorsegler unseres Nachbarn mitfliegen. Das hat mich stark beeindruckt. Sp\u00e4ter durfte ich zwei Fl\u00fcge im Cockpit eines Airliners mitfliegen. Das war gro\u00dfartig. Irgendwann im Jahre 1999 packte mich der Entschluss selbst die Privatpilotenlizenz zu machen. Die Ausbildung in Trier war klasse und im September 2000 hatte ich die Lizenz in der Hand. Heute fliege ich nur noch im Microsoft Flight Simulator 2020. Das ist fast genau so sch\u00f6n.<\/p>\n\n\n\n<div class=\"wp-block-buttons is-layout-flex wp-block-buttons-is-layout-flex\">\n<div class=\"wp-block-button has-custom-font-size has-medium-font-size\"><a class=\"wp-block-button__link has-nv-site-bg-color has-neve-text-color-background-color has-text-color has-background wp-element-button\" href=\"https:\/\/www.fiebrandt.de\/alexander\/category\/luftfahrt\/\">Meine Beitr\u00e4ge zum Thema Luftfahrt<\/a><\/div>\n<\/div>\n\n\n\n<div style=\"height:100px\" aria-hidden=\"true\" class=\"wp-block-spacer\"><\/div>\n\n\n\n<p class=\"has-large-font-size\">Ausbildung zum Privatpilot 1999\/2000 in EDRT Trier<\/p>\n\n\n\n<figure class=\"wp-block-gallery has-nested-images columns-default is-cropped wp-block-gallery-1 is-layout-flex wp-block-gallery-is-layout-flex\">\n<figure class=\"wp-block-image size-large\"><a href=\"https:\/\/www.fiebrandt.de\/alexander\/wp-content\/uploads\/Bild07.jpg\"><img loading=\"lazy\" decoding=\"async\" width=\"640\" height=\"480\" data-id=\"13\" src=\"https:\/\/www.fiebrandt.de\/alexander\/wp-content\/uploads\/Bild07.jpg\" alt=\"\" class=\"wp-image-13\" srcset=\"https:\/\/www.fiebrandt.de\/alexander\/wp-content\/uploads\/Bild07.jpg 640w, https:\/\/www.fiebrandt.de\/alexander\/wp-content\/uploads\/Bild07-300x225.jpg 300w\" sizes=\"auto, (max-width: 640px) 100vw, 640px\" \/><\/a><\/figure>\n\n\n\n<figure class=\"wp-block-image size-large\"><a href=\"https:\/\/www.fiebrandt.de\/alexander\/wp-content\/uploads\/Bild12.jpg\"><img loading=\"lazy\" decoding=\"async\" width=\"640\" height=\"480\" data-id=\"14\" src=\"https:\/\/www.fiebrandt.de\/alexander\/wp-content\/uploads\/Bild12.jpg\" alt=\"\" class=\"wp-image-14\" srcset=\"https:\/\/www.fiebrandt.de\/alexander\/wp-content\/uploads\/Bild12.jpg 640w, https:\/\/www.fiebrandt.de\/alexander\/wp-content\/uploads\/Bild12-300x225.jpg 300w\" sizes=\"auto, (max-width: 640px) 100vw, 640px\" \/><\/a><\/figure>\n<\/figure>\n\n\n\n<div style=\"height:100px\" aria-hidden=\"true\" class=\"wp-block-spacer\"><\/div>\n\n\n<div class=\"wp-block-image\">\n<figure class=\"aligncenter size-full is-resized\"><img loading=\"lazy\" decoding=\"async\" src=\"https:\/\/www.fiebrandt.de\/alexander\/wp-content\/uploads\/2000bzfppl.jpg\" alt=\"\" class=\"wp-image-457\" width=\"500\" height=\"326\"\/><figcaption class=\"wp-element-caption\">Immerhin ist das &#8220;Beschr\u00e4nkt G\u00fcltige Sprechfunkzeugnis I f\u00fcr den Flugfunkdienst&#8221; ein Leben lang g\u00fcltig. Die Pilotenlizenz, im Beamtendeutsch der &#8220;Luftfahrerschein&#8221; hingegen ruht seit 20 Jahren. \ud83d\ude42<\/figcaption><\/figure>\n<\/div>\n\n\n<div style=\"height:100px\" aria-hidden=\"true\" class=\"wp-block-spacer\"><\/div>\n\n\n\n<div class=\"wp-block-buttons is-layout-flex wp-block-buttons-is-layout-flex\">\n<div class=\"wp-block-button has-custom-font-size has-medium-font-size\"><a class=\"wp-block-button__link has-nv-site-bg-color has-neve-text-color-background-color has-text-color has-background wp-element-button\" href=\"https:\/\/www.fiebrandt.de\/edrt\/\" target=\"_blank\" rel=\"noreferrer noopener\">Mein Blog &#8220;Aus dem Leben eines Flugsch\u00fclers&#8221; von 1999<\/a><\/div>\n<\/div>\n\n\n\n<div style=\"height:100px\" aria-hidden=\"true\" class=\"wp-block-spacer\"><\/div>\n\n\n\n<p class=\"has-large-font-size\">Microsoft Flight Simulator 2020<\/p>\n\n\n\n<p>Mein Account im MSFS-Netzwerk: AleccusF<br>Unsere Gruppe auf Facebook: <a rel=\"noreferrer noopener\" href=\"https:\/\/www.facebook.com\/groups\/216365729804846\" target=\"_blank\">https:\/\/www.facebook.com\/groups\/216365729804846<\/a><br>Unsere Discord Gruppe: <a rel=\"noreferrer noopener\" href=\"https:\/\/discord.com\/channels\/777597110530736178\/901150967175741510\" target=\"_blank\">https:\/\/discord.com\/channels\/777597110530736178\/901150967175741510<\/a><\/p>\n\n\n\n<figure class=\"wp-block-gallery has-nested-images columns-default is-cropped wp-block-gallery-2 is-layout-flex wp-block-gallery-is-layout-flex\">\n<figure class=\"wp-block-image size-large\"><a href=\"https:\/\/www.fiebrandt.de\/alexander\/wp-content\/uploads\/msfs-trogir-scaled.jpg\"><img loading=\"lazy\" decoding=\"async\" width=\"1024\" height=\"576\" data-id=\"426\" src=\"https:\/\/www.fiebrandt.de\/alexander\/wp-content\/uploads\/msfs-trogir-1024x576.jpg\" alt=\"\" class=\"wp-image-426\" srcset=\"https:\/\/www.fiebrandt.de\/alexander\/wp-content\/uploads\/msfs-trogir-1024x576.jpg 1024w, https:\/\/www.fiebrandt.de\/alexander\/wp-content\/uploads\/msfs-trogir-300x169.jpg 300w, https:\/\/www.fiebrandt.de\/alexander\/wp-content\/uploads\/msfs-trogir-768x432.jpg 768w, https:\/\/www.fiebrandt.de\/alexander\/wp-content\/uploads\/msfs-trogir-1536x864.jpg 1536w, https:\/\/www.fiebrandt.de\/alexander\/wp-content\/uploads\/msfs-trogir-2048x1152.jpg 2048w\" sizes=\"auto, (max-width: 1024px) 100vw, 1024px\" \/><\/a><figcaption class=\"wp-element-caption\">Trogir, Kroatien mit der DHC-2<\/figcaption><\/figure>\n\n\n\n<figure class=\"wp-block-image size-large\"><a href=\"https:\/\/www.fiebrandt.de\/alexander\/wp-content\/uploads\/msfs-03.jpg\"><img loading=\"lazy\" decoding=\"async\" width=\"1000\" height=\"563\" data-id=\"425\" src=\"https:\/\/www.fiebrandt.de\/alexander\/wp-content\/uploads\/msfs-03.jpg\" alt=\"\" class=\"wp-image-425\" srcset=\"https:\/\/www.fiebrandt.de\/alexander\/wp-content\/uploads\/msfs-03.jpg 1000w, https:\/\/www.fiebrandt.de\/alexander\/wp-content\/uploads\/msfs-03-300x169.jpg 300w, https:\/\/www.fiebrandt.de\/alexander\/wp-content\/uploads\/msfs-03-768x432.jpg 768w\" sizes=\"auto, (max-width: 1000px) 100vw, 1000px\" \/><\/a><figcaption class=\"wp-element-caption\">Satellitenbilder geben echtes Feeling.<\/figcaption><\/figure>\n\n\n\n<figure class=\"wp-block-image size-large\"><a href=\"https:\/\/www.fiebrandt.de\/alexander\/wp-content\/uploads\/msfs-02.jpg\"><img loading=\"lazy\" decoding=\"async\" width=\"1000\" height=\"563\" data-id=\"424\" src=\"https:\/\/www.fiebrandt.de\/alexander\/wp-content\/uploads\/msfs-02.jpg\" alt=\"\" class=\"wp-image-424\" srcset=\"https:\/\/www.fiebrandt.de\/alexander\/wp-content\/uploads\/msfs-02.jpg 1000w, https:\/\/www.fiebrandt.de\/alexander\/wp-content\/uploads\/msfs-02-300x169.jpg 300w, https:\/\/www.fiebrandt.de\/alexander\/wp-content\/uploads\/msfs-02-768x432.jpg 768w\" sizes=\"auto, (max-width: 1000px) 100vw, 1000px\" \/><\/a><figcaption class=\"wp-element-caption\">Du kannst die ganze Welt bereisen.<\/figcaption><\/figure>\n\n\n\n<figure class=\"wp-block-image size-large\"><a href=\"https:\/\/www.fiebrandt.de\/alexander\/wp-content\/uploads\/msfs-01.jpg\"><img loading=\"lazy\" decoding=\"async\" width=\"768\" height=\"1024\" data-id=\"423\" src=\"https:\/\/www.fiebrandt.de\/alexander\/wp-content\/uploads\/msfs-01-768x1024.jpg\" alt=\"\" class=\"wp-image-423\" srcset=\"https:\/\/www.fiebrandt.de\/alexander\/wp-content\/uploads\/msfs-01-768x1024.jpg 768w, https:\/\/www.fiebrandt.de\/alexander\/wp-content\/uploads\/msfs-01-225x300.jpg 225w, https:\/\/www.fiebrandt.de\/alexander\/wp-content\/uploads\/msfs-01.jpg 1000w\" sizes=\"auto, (max-width: 768px) 100vw, 768px\" \/><\/a><figcaption class=\"wp-element-caption\">Ein leistungsstarker PC ist zu empfehlen.<\/figcaption><\/figure>\n\n\n\n<figure class=\"wp-block-image size-large\"><a href=\"https:\/\/www.fiebrandt.de\/alexander\/wp-content\/uploads\/IMG_5123-scaled.jpg\"><img loading=\"lazy\" decoding=\"async\" width=\"1024\" height=\"576\" data-id=\"422\" src=\"https:\/\/www.fiebrandt.de\/alexander\/wp-content\/uploads\/IMG_5123-1024x576.jpg\" alt=\"\" class=\"wp-image-422\" srcset=\"https:\/\/www.fiebrandt.de\/alexander\/wp-content\/uploads\/IMG_5123-1024x576.jpg 1024w, https:\/\/www.fiebrandt.de\/alexander\/wp-content\/uploads\/IMG_5123-300x169.jpg 300w, https:\/\/www.fiebrandt.de\/alexander\/wp-content\/uploads\/IMG_5123-768x432.jpg 768w, https:\/\/www.fiebrandt.de\/alexander\/wp-content\/uploads\/IMG_5123-1536x864.jpg 1536w, https:\/\/www.fiebrandt.de\/alexander\/wp-content\/uploads\/IMG_5123-2048x1152.jpg 2048w\" sizes=\"auto, (max-width: 1024px) 100vw, 1024px\" \/><\/a><figcaption class=\"wp-element-caption\">Regen gibt es auch im Flusi.<\/figcaption><\/figure>\n\n\n\n<figure class=\"wp-block-image size-large\"><a href=\"https:\/\/www.fiebrandt.de\/alexander\/wp-content\/uploads\/IMG_5122-scaled.jpg\"><img loading=\"lazy\" decoding=\"async\" width=\"1024\" height=\"576\" data-id=\"421\" src=\"https:\/\/www.fiebrandt.de\/alexander\/wp-content\/uploads\/IMG_5122-1024x576.jpg\" alt=\"\" class=\"wp-image-421\" srcset=\"https:\/\/www.fiebrandt.de\/alexander\/wp-content\/uploads\/IMG_5122-1024x576.jpg 1024w, https:\/\/www.fiebrandt.de\/alexander\/wp-content\/uploads\/IMG_5122-300x169.jpg 300w, https:\/\/www.fiebrandt.de\/alexander\/wp-content\/uploads\/IMG_5122-768x432.jpg 768w, https:\/\/www.fiebrandt.de\/alexander\/wp-content\/uploads\/IMG_5122-1536x864.jpg 1536w, https:\/\/www.fiebrandt.de\/alexander\/wp-content\/uploads\/IMG_5122-2048x1152.jpg 2048w\" sizes=\"auto, (max-width: 1024px) 100vw, 1024px\" \/><\/a><figcaption class=\"wp-element-caption\">Bitte einsteigen.<\/figcaption><\/figure>\n<\/figure>\n\n\n\n<div style=\"height:100px\" aria-hidden=\"true\" class=\"wp-block-spacer\"><\/div>\n\n\n\n<div class=\"wp-block-cover\"><span aria-hidden=\"true\" class=\"wp-block-cover__background has-background-dim\"><\/span><img loading=\"lazy\" decoding=\"async\" width=\"1200\" height=\"900\" class=\"wp-block-cover__image-background wp-image-443\" alt=\"\" src=\"https:\/\/www.fiebrandt.de\/alexander\/wp-content\/uploads\/IMG_5253.jpg\" data-object-fit=\"cover\" srcset=\"https:\/\/www.fiebrandt.de\/alexander\/wp-content\/uploads\/IMG_5253.jpg 1200w, https:\/\/www.fiebrandt.de\/alexander\/wp-content\/uploads\/IMG_5253-300x225.jpg 300w, https:\/\/www.fiebrandt.de\/alexander\/wp-content\/uploads\/IMG_5253-1024x768.jpg 1024w, https:\/\/www.fiebrandt.de\/alexander\/wp-content\/uploads\/IMG_5253-768x576.jpg 768w\" sizes=\"auto, (max-width: 1200px) 100vw, 1200px\" \/><div class=\"wp-block-cover__inner-container is-layout-flow wp-block-cover-is-layout-flow\">\n<p class=\"has-text-align-center has-large-font-size\">Mein Setup mit Honeycomb Alpha und Bravo.<\/p>\n<\/div><\/div>\n\n\n\n<div style=\"height:100px\" aria-hidden=\"true\" class=\"wp-block-spacer\"><\/div>\n","protected":false},"excerpt":{"rendered":"<p>Bereits als kleiner Junge durfte ich im Motorsegler unseres Nachbarn mitfliegen. Das hat mich stark beeindruckt. Sp\u00e4ter durfte ich zwei Fl\u00fcge im Cockpit eines Airliners mitfliegen. Das war gro\u00dfartig. Irgendwann im Jahre 1999 packte mich der Entschluss selbst die Privatpilotenlizenz zu machen. Die Ausbildung in Trier war klasse und im September 2000 hatte ich die&hellip;&nbsp;<a href=\"https:\/\/www.fiebrandt.de\/alexander\/unter-den-wolken-die-liebe-zur-luftfahrt\/\" class=\"\" rel=\"bookmark\">Weiterlesen &raquo;<span class=\"screen-reader-text\">Luftfahrt<\/span><\/a><\/p>\n","protected":false},"author":1,"featured_media":0,"parent":0,"menu_order":0,"comment_status":"closed","ping_status":"closed","template":"","meta":{"neve_meta_sidebar":"","neve_meta_container":"","neve_meta_enable_content_width":"","neve_meta_content_width":0,"neve_meta_title_alignment":"","neve_meta_author_avatar":"","neve_post_elements_order":"","neve_meta_disable_header":"","neve_meta_disable_footer":"","neve_meta_disable_title":"","footnotes":""},"class_list":["post-145","page","type-page","status-publish","hentry"],"_links":{"self":[{"href":"https:\/\/www.fiebrandt.de\/alexander\/wp-json\/wp\/v2\/pages\/145","targetHints":{"allow":["GET"]}}],"collection":[{"href":"https:\/\/www.fiebrandt.de\/alexander\/wp-json\/wp\/v2\/pages"}],"about":[{"href":"https:\/\/www.fiebrandt.de\/alexander\/wp-json\/wp\/v2\/types\/page"}],"author":[{"embeddable":true,"href":"https:\/\/www.fiebrandt.de\/alexander\/wp-json\/wp\/v2\/users\/1"}],"replies":[{"embeddable":true,"href":"https:\/\/www.fiebrandt.de\/alexander\/wp-json\/wp\/v2\/comments?post=145"}],"version-history":[{"count":35,"href":"https:\/\/www.fiebrandt.de\/alexander\/wp-json\/wp\/v2\/pages\/145\/revisions"}],"predecessor-version":[{"id":709,"href":"https:\/\/www.fiebrandt.de\/alexander\/wp-json\/wp\/v2\/pages\/145\/revisions\/709"}],"wp:attachment":[{"href":"https:\/\/www.fiebrandt.de\/alexander\/wp-json\/wp\/v2\/media?parent=145"}],"curies":[{"name":"wp","href":"https:\/\/api.w.org\/{rel}","templated":true}]}}